{"id":62,"date":"2024-12-20T14:28:52","date_gmt":"2024-12-20T14:28:52","guid":{"rendered":"https:\/\/ersemihotokiralama.com\/?page_id=62"},"modified":"2025-03-07T12:45:52","modified_gmt":"2025-03-07T12:45:52","slug":"ana-sayfa","status":"publish","type":"page","link":"https:\/\/ersemihotokiralama.com\/","title":{"rendered":"Ana sayfa"},"content":{"rendered":"\t\t<div data-elementor-type=\"wp-page\" data-elementor-id=\"62\" class=\"elementor elementor-62\">\n\t\t\t\t<div class=\"elementor-element elementor-element-844efd7 e-con-full e-flex wpr-particle-no wpr-jarallax-no wpr-parallax-no wpr-sticky-section-no e-con e-parent\" data-id=\"844efd7\" data-element_type=\"container\">\n\t\t<div class=\"elementor-element elementor-element-8bbf652 e-con-full e-flex wpr-particle-no wpr-jarallax-no wpr-parallax-no wpr-sticky-section-no e-con e-child\" data-id=\"8bbf652\" data-element_type=\"container\">\n\t\t\t\t<div class=\"elementor-element elementor-element-ab83cdb elementor-widget elementor-widget-image-carousel\" data-id=\"ab83cdb\" data-element_type=\"widget\" data-settings=\"{&quot;slides_to_show&quot;:&quot;1&quot;,&quot;navigation&quot;:&quot;none&quot;,&quot;autoplay_speed&quot;:5001,&quot;effect&quot;:&quot;fade&quot;,&quot;speed&quot;:1000,&quot;autoplay&quot;:&quot;yes&quot;,&quot;pause_on_hover&quot;:&quot;yes&quot;,&quot;pause_on_interaction&quot;:&quot;yes&quot;,&quot;infinite&quot;:&quot;yes&quot;}\" data-widget_type=\"image-carousel.default\">\n\t\t\t\t<div class=\"elementor-widget-container\">\n\t\t\t\t\t\t\t<div class=\"elementor-image-carousel-wrapper swiper\" role=\"region\" aria-roledescription=\"carousel\" aria-label=\"Resim D\u00f6ng\u00fcs\u00fc\" dir=\"ltr\">\n\t\t\t<div class=\"elementor-image-carousel swiper-wrapper\" aria-live=\"off\">\n\t\t\t\t\t\t\t\t<div class=\"swiper-slide\" role=\"group\" aria-roledescription=\"slide\" aria-label=\"1 \/ 6\"><figure class=\"swiper-slide-inner\"><img decoding=\"async\" class=\"swiper-slide-image\" src=\"https:\/\/ersemihotokiralama.com\/wp-content\/uploads\/2024\/12\/slider-1.jpg\" alt=\"slider-1\" \/><\/figure><\/div><div class=\"swiper-slide\" role=\"group\" aria-roledescription=\"slide\" aria-label=\"2 \/ 6\"><figure class=\"swiper-slide-inner\"><img decoding=\"async\" class=\"swiper-slide-image\" src=\"https:\/\/ersemihotokiralama.com\/wp-content\/uploads\/2024\/12\/slider-2.jpg\" alt=\"slider-2\" \/><\/figure><\/div><div class=\"swiper-slide\" role=\"group\" aria-roledescription=\"slide\" aria-label=\"3 \/ 6\"><figure class=\"swiper-slide-inner\"><img decoding=\"async\" class=\"swiper-slide-image\" src=\"https:\/\/ersemihotokiralama.com\/wp-content\/uploads\/2024\/12\/slider-3.jpg\" alt=\"slider-3\" \/><\/figure><\/div><div class=\"swiper-slide\" role=\"group\" aria-roledescription=\"slide\" aria-label=\"4 \/ 6\"><figure class=\"swiper-slide-inner\"><img decoding=\"async\" class=\"swiper-slide-image\" src=\"https:\/\/ersemihotokiralama.com\/wp-content\/uploads\/2024\/12\/slider-4.jpg\" alt=\"slider-4\" \/><\/figure><\/div><div class=\"swiper-slide\" role=\"group\" aria-roledescription=\"slide\" aria-label=\"5 \/ 6\"><figure class=\"swiper-slide-inner\"><img decoding=\"async\" class=\"swiper-slide-image\" src=\"https:\/\/ersemihotokiralama.com\/wp-content\/uploads\/2024\/12\/slider-5.jpg\" alt=\"slider-5\" \/><\/figure><\/div><div class=\"swiper-slide\" role=\"group\" aria-roledescription=\"slide\" aria-label=\"6 \/ 6\"><figure class=\"swiper-slide-inner\"><img decoding=\"async\" class=\"swiper-slide-image\" src=\"https:\/\/ersemihotokiralama.com\/wp-content\/uploads\/2024\/12\/slider-6.jpg\" alt=\"slider-6\" \/><\/figure><\/div>\t\t\t<\/div>\n\t\t\t\t\t\t\t\n\t\t\t\t\t\t\t\t\t<\/div>\n\t\t\t\t\t\t<\/div>\n\t\t\t\t<\/div>\n\t\t\t\t<\/div>\n\t\t<div class=\"elementor-element elementor-element-45f356b e-flex e-con-boxed wpr-particle-no wpr-jarallax-no wpr-parallax-no wpr-sticky-section-no e-con e-child\" data-id=\"45f356b\" data-element_type=\"container\">\n\t\t\t\t\t<div class=\"e-con-inner\">\n\t\t\t\t<div class=\"elementor-element elementor-element-eeb3f68 elementor-widget elementor-widget-image-carousel\" data-id=\"eeb3f68\" data-element_type=\"widget\" data-settings=\"{&quot;slides_to_show&quot;:&quot;1&quot;,&quot;navigation&quot;:&quot;none&quot;,&quot;autoplay_speed&quot;:750,&quot;effect&quot;:&quot;fade&quot;,&quot;speed&quot;:1000,&quot;autoplay&quot;:&quot;yes&quot;,&quot;pause_on_hover&quot;:&quot;yes&quot;,&quot;pause_on_interaction&quot;:&quot;yes&quot;,&quot;infinite&quot;:&quot;yes&quot;}\" data-widget_type=\"image-carousel.default\">\n\t\t\t\t<div class=\"elementor-widget-container\">\n\t\t\t\t\t\t\t<div class=\"elementor-image-carousel-wrapper swiper\" role=\"region\" aria-roledescription=\"carousel\" aria-label=\"Resim D\u00f6ng\u00fcs\u00fc\" dir=\"ltr\">\n\t\t\t<div class=\"elementor-image-carousel swiper-wrapper\" aria-live=\"off\">\n\t\t\t\t\t\t\t\t<div class=\"swiper-slide\" role=\"group\" aria-roledescription=\"slide\" aria-label=\"1 \/ 6\"><figure class=\"swiper-slide-inner\"><img decoding=\"async\" class=\"swiper-slide-image\" src=\"https:\/\/ersemihotokiralama.com\/wp-content\/uploads\/2024\/12\/ersemih-oto1.jpg\" alt=\"ersemih-oto1\" \/><\/figure><\/div><div class=\"swiper-slide\" role=\"group\" aria-roledescription=\"slide\" aria-label=\"2 \/ 6\"><figure class=\"swiper-slide-inner\"><img decoding=\"async\" class=\"swiper-slide-image\" src=\"https:\/\/ersemihotokiralama.com\/wp-content\/uploads\/2024\/12\/ersemih-oto2.jpg\" alt=\"ersemih-oto2\" \/><\/figure><\/div><div class=\"swiper-slide\" role=\"group\" aria-roledescription=\"slide\" aria-label=\"3 \/ 6\"><figure class=\"swiper-slide-inner\"><img decoding=\"async\" class=\"swiper-slide-image\" src=\"https:\/\/ersemihotokiralama.com\/wp-content\/uploads\/2024\/12\/ersemih-oto3.jpg\" alt=\"ersemih-oto3\" \/><\/figure><\/div><div class=\"swiper-slide\" role=\"group\" aria-roledescription=\"slide\" aria-label=\"4 \/ 6\"><figure class=\"swiper-slide-inner\"><img decoding=\"async\" class=\"swiper-slide-image\" src=\"https:\/\/ersemihotokiralama.com\/wp-content\/uploads\/2024\/12\/ersemih-oto4.jpg\" alt=\"ersemih-oto4\" \/><\/figure><\/div><div class=\"swiper-slide\" role=\"group\" aria-roledescription=\"slide\" aria-label=\"5 \/ 6\"><figure class=\"swiper-slide-inner\"><img decoding=\"async\" class=\"swiper-slide-image\" src=\"https:\/\/ersemihotokiralama.com\/wp-content\/uploads\/2024\/12\/ersemih-oto5.jpg\" alt=\"ersemih-oto5\" \/><\/figure><\/div><div class=\"swiper-slide\" role=\"group\" aria-roledescription=\"slide\" aria-label=\"6 \/ 6\"><figure class=\"swiper-slide-inner\"><img decoding=\"async\" class=\"swiper-slide-image\" src=\"https:\/\/ersemihotokiralama.com\/wp-content\/uploads\/2024\/12\/ersemih-oto6.jpg\" alt=\"ersemih-oto6\" \/><\/figure><\/div>\t\t\t<\/div>\n\t\t\t\t\t\t\t\n\t\t\t\t\t\t\t\t\t<\/div>\n\t\t\t\t\t\t<\/div>\n\t\t\t\t<\/div>\n\t\t\t\t<div class=\"elementor-element elementor-element-66a3fae elementor-widget elementor-widget-text-editor\" data-id=\"66a3fae\" data-element_type=\"widget\" data-widget_type=\"text-editor.default\">\n\t\t\t\t<div class=\"elementor-widget-container\">\n\t\t\t\t\t\t\t\t\t<h3>+90 534 694 58 06<\/h3>\t\t\t\t\t\t\t\t<\/div>\n\t\t\t\t<\/div>\n\t\t\t\t\t<\/div>\n\t\t\t\t<\/div>\n\t\t\t\t<\/div>\n\t\t<div class=\"elementor-element elementor-element-cc7e423 e-flex e-con-boxed wpr-particle-no wpr-jarallax-no wpr-parallax-no wpr-sticky-section-no e-con e-parent\" data-id=\"cc7e423\" data-element_type=\"container\">\n\t\t\t\t\t<div class=\"e-con-inner\">\n\t\t\t\t<div class=\"elementor-element elementor-element-bbb1217 elementor-widget elementor-widget-image-carousel\" data-id=\"bbb1217\" data-element_type=\"widget\" data-settings=\"{&quot;slides_to_show&quot;:&quot;3&quot;,&quot;navigation&quot;:&quot;none&quot;,&quot;autoplay_speed&quot;:2000,&quot;speed&quot;:2000,&quot;autoplay&quot;:&quot;yes&quot;,&quot;infinite&quot;:&quot;yes&quot;}\" data-widget_type=\"image-carousel.default\">\n\t\t\t\t<div class=\"elementor-widget-container\">\n\t\t\t\t\t\t\t<div class=\"elementor-image-carousel-wrapper swiper\" role=\"region\" aria-roledescription=\"carousel\" aria-label=\"Resim D\u00f6ng\u00fcs\u00fc\" dir=\"ltr\">\n\t\t\t<div class=\"elementor-image-carousel swiper-wrapper\" aria-live=\"off\">\n\t\t\t\t\t\t\t\t<div class=\"swiper-slide\" role=\"group\" aria-roledescription=\"slide\" aria-label=\"1 \/ 5\"><figure class=\"swiper-slide-inner\"><img decoding=\"async\" class=\"swiper-slide-image\" src=\"https:\/\/ersemihotokiralama.com\/wp-content\/uploads\/2024\/12\/sld-11-1.jpg\" alt=\"sld-11\" \/><\/figure><\/div><div class=\"swiper-slide\" role=\"group\" aria-roledescription=\"slide\" aria-label=\"2 \/ 5\"><figure class=\"swiper-slide-inner\"><img decoding=\"async\" class=\"swiper-slide-image\" src=\"https:\/\/ersemihotokiralama.com\/wp-content\/uploads\/2024\/12\/sld-12-1.jpg\" alt=\"sld-12\" \/><\/figure><\/div><div class=\"swiper-slide\" role=\"group\" aria-roledescription=\"slide\" aria-label=\"3 \/ 5\"><figure class=\"swiper-slide-inner\"><img decoding=\"async\" class=\"swiper-slide-image\" src=\"https:\/\/ersemihotokiralama.com\/wp-content\/uploads\/2024\/12\/sld-13-1.jpg\" alt=\"sld-13\" \/><\/figure><\/div><div class=\"swiper-slide\" role=\"group\" aria-roledescription=\"slide\" aria-label=\"4 \/ 5\"><figure class=\"swiper-slide-inner\"><img decoding=\"async\" class=\"swiper-slide-image\" src=\"https:\/\/ersemihotokiralama.com\/wp-content\/uploads\/2024\/12\/sld-14-1.jpg\" alt=\"sld-14\" \/><\/figure><\/div><div class=\"swiper-slide\" role=\"group\" aria-roledescription=\"slide\" aria-label=\"5 \/ 5\"><figure class=\"swiper-slide-inner\"><img decoding=\"async\" class=\"swiper-slide-image\" src=\"https:\/\/ersemihotokiralama.com\/wp-content\/uploads\/2024\/12\/sld-15-1.jpg\" alt=\"sld-15\" \/><\/figure><\/div>\t\t\t<\/div>\n\t\t\t\t\t\t\t\n\t\t\t\t\t\t\t\t\t<\/div>\n\t\t\t\t\t\t<\/div>\n\t\t\t\t<\/div>\n\t\t\t\t\t<\/div>\n\t\t\t\t<\/div>\n\t\t<div class=\"elementor-element elementor-element-423cc76 e-flex e-con-boxed wpr-particle-no wpr-jarallax-no wpr-parallax-no wpr-sticky-section-no e-con e-parent\" data-id=\"423cc76\" data-element_type=\"container\" data-settings=\"{&quot;background_background&quot;:&quot;gradient&quot;}\">\n\t\t\t\t\t<div class=\"e-con-inner\">\n\t\t<div class=\"elementor-element elementor-element-82c3da4 e-con-full e-flex wpr-particle-no wpr-jarallax-no wpr-parallax-no wpr-sticky-section-no e-con e-child\" data-id=\"82c3da4\" data-element_type=\"container\">\n\t\t\t\t<div class=\"elementor-element elementor-element-272fba8 elementor-invisible elementor-widget elementor-widget-text-editor\" data-id=\"272fba8\" data-element_type=\"widget\" data-settings=\"{&quot;_animation&quot;:&quot;fadeInLeft&quot;}\" data-widget_type=\"text-editor.default\">\n\t\t\t\t<div class=\"elementor-widget-container\">\n\t\t\t\t\t\t\t\t\t<div class=\" hide-sm\"><div id=\"infHomeRes\" class=\"columns\"><div class=\"column col-3 col-sm-12\"><b>\u2713 \u00a0\u00a0<\/b> \u00dccretsiz \u0130ptal ve De\u011fi\u015fim<\/div><p><b>\u00a0<\/b><\/p><\/div><\/div>\t\t\t\t\t\t\t\t<\/div>\n\t\t\t\t<\/div>\n\t\t\t\t<\/div>\n\t\t<div class=\"elementor-element elementor-element-8c5410f e-con-full e-flex wpr-particle-no wpr-jarallax-no wpr-parallax-no wpr-sticky-section-no e-con e-child\" data-id=\"8c5410f\" data-element_type=\"container\">\n\t\t\t\t<div class=\"elementor-element elementor-element-f74b454 elementor-invisible elementor-widget elementor-widget-text-editor\" data-id=\"f74b454\" data-element_type=\"widget\" data-settings=\"{&quot;_animation&quot;:&quot;fadeInLeft&quot;}\" data-widget_type=\"text-editor.default\">\n\t\t\t\t<div class=\"elementor-widget-container\">\n\t\t\t\t\t\t\t\t\t<div class=\" hide-sm\"><div id=\"infHomeRes\" class=\"columns\"><div class=\"column col-3 col-sm-12\"><b>\u2713 \u00a0\u00a0<\/b> En \u0130yi Fiyat Garantisi<\/div><p><b>\u00a0<\/b><\/p><\/div><\/div>\t\t\t\t\t\t\t\t<\/div>\n\t\t\t\t<\/div>\n\t\t\t\t<\/div>\n\t\t<div class=\"elementor-element elementor-element-2fa92f1 e-con-full e-flex wpr-particle-no wpr-jarallax-no wpr-parallax-no wpr-sticky-section-no e-con e-child\" data-id=\"2fa92f1\" data-element_type=\"container\">\n\t\t\t\t<div class=\"elementor-element elementor-element-f37d4de elementor-invisible elementor-widget elementor-widget-text-editor\" data-id=\"f37d4de\" data-element_type=\"widget\" data-settings=\"{&quot;_animation&quot;:&quot;fadeInRight&quot;}\" data-widget_type=\"text-editor.default\">\n\t\t\t\t<div class=\"elementor-widget-container\">\n\t\t\t\t\t\t\t\t\t<div class=\" hide-sm\"><div id=\"infHomeRes\" class=\"columns\"><div class=\"column col-3 col-sm-12\"><b>\u2713 \u00a0\u00a0<\/b> \u00d6n \u00d6demesiz Rezervasyon<\/div><div class=\"column col-3 col-sm-12\"><b>\u00a0<\/b><\/div><\/div><\/div>\t\t\t\t\t\t\t\t<\/div>\n\t\t\t\t<\/div>\n\t\t\t\t<\/div>\n\t\t<div class=\"elementor-element elementor-element-0b1245e e-con-full e-flex wpr-particle-no wpr-jarallax-no wpr-parallax-no wpr-sticky-section-no e-con e-child\" data-id=\"0b1245e\" data-element_type=\"container\">\n\t\t\t\t<div class=\"elementor-element elementor-element-5ac18c7 elementor-invisible elementor-widget elementor-widget-text-editor\" data-id=\"5ac18c7\" data-element_type=\"widget\" data-settings=\"{&quot;_animation&quot;:&quot;fadeInRight&quot;}\" data-widget_type=\"text-editor.default\">\n\t\t\t\t<div class=\"elementor-widget-container\">\n\t\t\t\t\t\t\t\t\t<div class=\" hide-sm\"><div id=\"infHomeRes\" class=\"columns\"><div class=\"column col-3 col-sm-12\"><b>\u2713 \u00a0\u00a0<\/b> 7\/24 Destek ve Yol Yard\u0131m\u0131<\/div><\/div><\/div>\t\t\t\t\t\t\t\t<\/div>\n\t\t\t\t<\/div>\n\t\t\t\t<\/div>\n\t\t\t\t\t<\/div>\n\t\t\t\t<\/div>\n\t\t<div class=\"elementor-element elementor-element-a17e034 e-flex e-con-boxed wpr-particle-no wpr-jarallax-no wpr-parallax-no wpr-sticky-section-no e-con e-parent\" data-id=\"a17e034\" data-element_type=\"container\">\n\t\t\t\t\t<div class=\"e-con-inner\">\n\t\t\t\t<div class=\"elementor-element elementor-element-8689c2e elementor-invisible elementor-widget elementor-widget-text-editor\" data-id=\"8689c2e\" data-element_type=\"widget\" data-settings=\"{&quot;_animation&quot;:&quot;fadeInUp&quot;}\" data-widget_type=\"text-editor.default\">\n\t\t\t\t<div class=\"elementor-widget-container\">\n\t\t\t\t\t\t\t\t\t<h3>S\u0130PAR\u0130\u015eLER\u0130N\u0130Z \u0130\u00c7\u0130N\u00a0\u00a0\u00a0 +90 534 694 58 06<\/h3>\t\t\t\t\t\t\t\t<\/div>\n\t\t\t\t<\/div>\n\t\t\t\t\t<\/div>\n\t\t\t\t<\/div>\n\t\t<div class=\"elementor-element elementor-element-13db5f9 e-flex e-con-boxed wpr-particle-no wpr-jarallax-no wpr-parallax-no wpr-sticky-section-no e-con e-parent\" data-id=\"13db5f9\" data-element_type=\"container\">\n\t\t\t\t\t<div class=\"e-con-inner\">\n\t\t<div class=\"elementor-element elementor-element-b80c9df e-con-full e-flex wpr-particle-no wpr-jarallax-no wpr-parallax-no wpr-sticky-section-no elementor-invisible e-con e-child\" data-id=\"b80c9df\" data-element_type=\"container\" data-settings=\"{&quot;background_background&quot;:&quot;classic&quot;,&quot;animation&quot;:&quot;fadeInLeft&quot;}\">\n\t\t\t\t<div class=\"elementor-element elementor-element-a0483ac elementor-widget elementor-widget-image\" data-id=\"a0483ac\" data-element_type=\"widget\" data-widget_type=\"image.default\">\n\t\t\t\t<div class=\"elementor-widget-container\">\n\t\t\t\t\t\t\t\t\t\t\t\t\t\t\t<img fetchpriority=\"high\" decoding=\"async\" width=\"611\" height=\"489\" src=\"https:\/\/ersemihotokiralama.com\/wp-content\/uploads\/2024\/12\/adad2.jpg\" class=\"attachment-large size-large wp-image-213\" alt=\"\" srcset=\"https:\/\/ersemihotokiralama.com\/wp-content\/uploads\/2024\/12\/adad2.jpg 611w, https:\/\/ersemihotokiralama.com\/wp-content\/uploads\/2024\/12\/adad2-300x240.jpg 300w, https:\/\/ersemihotokiralama.com\/wp-content\/uploads\/2024\/12\/adad2-600x480.jpg 600w\" sizes=\"(max-width: 611px) 100vw, 611px\" \/>\t\t\t\t\t\t\t\t\t\t\t\t\t\t\t<\/div>\n\t\t\t\t<\/div>\n\t\t\t\t<\/div>\n\t\t<div class=\"elementor-element elementor-element-12b5abc e-con-full e-flex wpr-particle-no wpr-jarallax-no wpr-parallax-no wpr-sticky-section-no elementor-invisible e-con e-child\" data-id=\"12b5abc\" data-element_type=\"container\" data-settings=\"{&quot;animation&quot;:&quot;fadeInRight&quot;}\">\n\t\t\t\t<div class=\"elementor-element elementor-element-1722203 elementor-widget__width-initial elementor-widget elementor-widget-text-editor\" data-id=\"1722203\" data-element_type=\"widget\" data-widget_type=\"text-editor.default\">\n\t\t\t\t<div class=\"elementor-widget-container\">\n\t\t\t\t\t\t\t\t\t<h3>En kolay, en h\u0131zl\u0131 ve en ucuz ara\u00e7 kiralama<\/h3><p>1 dakikada rezervasyon, 5 dakikada ara\u00e7 teslimat\u0131, % 100 m\u00fc\u015fteri memnuniyeti ve en iyi fiyat garantisi veriyoruz.\u00dcstelik arac\u0131 teslim ald\u0131\u011f\u0131n\u0131z ana kadar herhangi bir \u00f6deme yapman\u0131za gerek yok.<\/p><h3>Uygun Fiyatl\u0131 Ara\u00e7 Kiralama<\/h3><p>Ara\u00e7 kiralama, her ge\u00e7en y\u0131l daha ayr\u0131cal\u0131kl\u0131, geli\u015fmi\u015f se\u00e7eneklerle m\u00fc\u015fterilerin kar\u015f\u0131s\u0131na \u00e7\u0131kan bir sekt\u00f6r. Siz de otomobil kiralamak, geli\u015fmi\u015f seyahat keyfinin tad\u0131n\u0131 \u00e7\u0131karmak i\u00e7in ER SEM\u0130H OTO K\u0130RALAMA kurumsall\u0131\u011f\u0131n\u0131n deneyimine var\u0131n.<\/p>\t\t\t\t\t\t\t\t<\/div>\n\t\t\t\t<\/div>\n\t\t\t\t<\/div>\n\t\t\t\t\t<\/div>\n\t\t\t\t<\/div>\n\t\t<div class=\"elementor-element elementor-element-1a62a67 e-flex e-con-boxed wpr-particle-no wpr-jarallax-no wpr-parallax-no wpr-sticky-section-no e-con e-parent\" data-id=\"1a62a67\" data-element_type=\"container\" data-settings=\"{&quot;background_background&quot;:&quot;classic&quot;}\">\n\t\t\t\t\t<div class=\"e-con-inner\">\n\t\t\t\t<div class=\"elementor-element elementor-element-404b015 elementor-widget elementor-widget-image\" data-id=\"404b015\" data-element_type=\"widget\" data-widget_type=\"image.default\">\n\t\t\t\t<div class=\"elementor-widget-container\">\n\t\t\t\t\t\t\t\t\t\t\t\t\t\t\t<img decoding=\"async\" width=\"1024\" height=\"195\" src=\"https:\/\/ersemihotokiralama.com\/wp-content\/uploads\/2024\/12\/orta-1024x195.jpg\" class=\"attachment-large size-large wp-image-129\" alt=\"\" srcset=\"https:\/\/ersemihotokiralama.com\/wp-content\/uploads\/2024\/12\/orta-1024x195.jpg 1024w, https:\/\/ersemihotokiralama.com\/wp-content\/uploads\/2024\/12\/orta-300x57.jpg 300w, https:\/\/ersemihotokiralama.com\/wp-content\/uploads\/2024\/12\/orta-768x147.jpg 768w, https:\/\/ersemihotokiralama.com\/wp-content\/uploads\/2024\/12\/orta-600x115.jpg 600w, https:\/\/ersemihotokiralama.com\/wp-content\/uploads\/2024\/12\/orta.jpg 1320w\" sizes=\"(max-width: 1024px) 100vw, 1024px\" \/>\t\t\t\t\t\t\t\t\t\t\t\t\t\t\t<\/div>\n\t\t\t\t<\/div>\n\t\t\t\t\t<\/div>\n\t\t\t\t<\/div>\n\t\t<div class=\"elementor-element elementor-element-fde963e e-flex e-con-boxed wpr-particle-no wpr-jarallax-no wpr-parallax-no wpr-sticky-section-no elementor-invisible e-con e-parent\" data-id=\"fde963e\" data-element_type=\"container\" data-settings=\"{&quot;animation&quot;:&quot;fadeInRight&quot;}\">\n\t\t\t\t\t<div class=\"e-con-inner\">\n\t\t\t\t<div class=\"elementor-element elementor-element-d770dd4 wpr-pc-btn-align-inline wpr-pc-btn-icon-right elementor-invisible elementor-widget elementor-widget-wpr-phone-call\" data-id=\"d770dd4\" data-element_type=\"widget\" data-settings=\"{&quot;_animation&quot;:&quot;fadeInRight&quot;}\" data-widget_type=\"wpr-phone-call.default\">\n\t\t\t\t<div class=\"elementor-widget-container\">\n\t\t\t\t\t<div class=\"wpr-pc-wrapper\"><a href=\"tel:+90 534 694 58 06\" class=\"wpr-pc-btn\"><div class=\"wpr-pc-content\"><span class=\"wpr-pc-text\">Hemen ara<\/span><span class=\"wpr-pc-btn-icon\"><svg class=\"e-font-icon-svg e-fas-phone\" viewBox=\"0 0 512 512\" xmlns=\"http:\/\/www.w3.org\/2000\/svg\"><path d=\"M493.4 24.6l-104-24c-11.3-2.6-22.9 3.3-27.5 13.9l-48 112c-4.2 9.8-1.4 21.3 6.9 28l60.6 49.6c-36 76.7-98.9 140.5-177.2 177.2l-49.6-60.6c-6.8-8.3-18.2-11.1-28-6.9l-112 48C3.9 366.5-2 378.1.6 389.4l24 104C27.1 504.2 36.7 512 48 512c256.1 0 464-207.5 464-464 0-11.2-7.7-20.9-18.6-23.4z\"><\/path><\/svg><\/span><\/div><\/a><\/div>\t\t\t\t<\/div>\n\t\t\t\t<\/div>\n\t\t\t\t\t<\/div>\n\t\t\t\t<\/div>\n\t\t\t\t<\/div>\n\t\t","protected":false},"excerpt":{"rendered":"<p>+90 534 694 58 06 \u2713 \u00a0\u00a0 \u00dccretsiz \u0130ptal ve De\u011fi\u015fim \u00a0 \u2713 \u00a0\u00a0 En \u0130yi Fiyat Garantisi \u00a0 \u2713 \u00a0\u00a0 \u00d6n \u00d6demesiz Rezervasyon\u00a0\u2713 \u00a0\u00a0 7\/24 Destek ve Yol Yard\u0131m\u0131 S\u0130PAR\u0130\u015eLER\u0130N\u0130Z \u0130\u00c7\u0130N\u00a0\u00a0\u00a0 +90 534 694 58 06 En kolay, en h\u0131zl\u0131 ve en ucuz ara\u00e7 kiralama 1 dakikada rezervasyon, 5 dakikada ara\u00e7 teslimat\u0131, % 100 m\u00fc\u015fteri memnuniyeti ve en iyi fiyat garantisi veriyoruz.\u00dcstelik arac\u0131 teslim ald\u0131\u011f\u0131n\u0131z ana kadar herhangi bir \u00f6deme yapman\u0131za gerek yok. Uygun Fiyatl\u0131 Ara\u00e7 Kiralama Ara\u00e7 kiralama, her ge\u00e7en y\u0131l daha ayr\u0131cal\u0131kl\u0131, geli\u015fmi\u015f se\u00e7eneklerle m\u00fc\u015fterilerin kar\u015f\u0131s\u0131na \u00e7\u0131kan bir sekt\u00f6r. Siz de otomobil kiralamak, geli\u015fmi\u015f seyahat keyfinin tad\u0131n\u0131 \u00e7\u0131karmak i\u00e7in ER SEM\u0130H OTO K\u0130RALAMA kurumsall\u0131\u011f\u0131n\u0131n deneyimine var\u0131n. Hemen ara<\/p>\n","protected":false},"author":1,"featured_media":0,"parent":0,"menu_order":0,"comment_status":"closed","ping_status":"closed","template":"","meta":{"_kad_post_transparent":"","_kad_post_title":"hide","_kad_post_layout":"fullwidth","_kad_post_sidebar_id":"","_kad_post_content_style":"unboxed","_kad_post_vertical_padding":"hide","_kad_post_feature":"hide","_kad_post_feature_position":"","_kad_post_header":false,"_kad_post_footer":false,"footnotes":""},"class_list":["post-62","page","type-page","status-publish","hentry"],"_links":{"self":[{"href":"https:\/\/ersemihotokiralama.com\/index.php\/wp-json\/wp\/v2\/pages\/62","targetHints":{"allow":["GET"]}}],"collection":[{"href":"https:\/\/ersemihotokiralama.com\/index.php\/wp-json\/wp\/v2\/pages"}],"about":[{"href":"https:\/\/ersemihotokiralama.com\/index.php\/wp-json\/wp\/v2\/types\/page"}],"author":[{"embeddable":true,"href":"https:\/\/ersemihotokiralama.com\/index.php\/wp-json\/wp\/v2\/users\/1"}],"replies":[{"embeddable":true,"href":"https:\/\/ersemihotokiralama.com\/index.php\/wp-json\/wp\/v2\/comments?post=62"}],"version-history":[{"count":64,"href":"https:\/\/ersemihotokiralama.com\/index.php\/wp-json\/wp\/v2\/pages\/62\/revisions"}],"predecessor-version":[{"id":241,"href":"https:\/\/ersemihotokiralama.com\/index.php\/wp-json\/wp\/v2\/pages\/62\/revisions\/241"}],"wp:attachment":[{"href":"https:\/\/ersemihotokiralama.com\/index.php\/wp-json\/wp\/v2\/media?parent=62"}],"curies":[{"name":"wp","href":"https:\/\/api.w.org\/{rel}","templated":true}]}}